{"id":48,"date":"2025-04-29T14:07:37","date_gmt":"2025-04-29T14:07:37","guid":{"rendered":"https:\/\/smz-garage.ch\/?page_id=48"},"modified":"2025-05-09T08:31:07","modified_gmt":"2025-05-09T08:31:07","slug":"partner","status":"publish","type":"page","link":"https:\/\/smz-garage.ch\/index.php\/partner\/","title":{"rendered":"Partner"},"content":{"rendered":"\t\t<div data-elementor-type=\"wp-page\" data-elementor-id=\"48\" class=\"elementor elementor-48\" data-elementor-post-type=\"page\">\n\t\t\t\t<div class=\"elementor-element elementor-element-beb0b38 e-flex e-con-boxed e-con e-parent\" data-id=\"beb0b38\" data-element_type=\"container\" data-e-type=\"container\">\n\t\t\t\t\t<div class=\"e-con-inner\">\n\t\t<div class=\"elementor-element elementor-element-9adc541 e-con-full e-flex e-con e-child\" data-id=\"9adc541\" data-element_type=\"container\" data-e-type=\"container\">\n\t\t\t\t<div class=\"elementor-element elementor-element-2d575b6 elementor-widget elementor-widget-heading\" data-id=\"2d575b6\" data-element_type=\"widget\" data-e-type=\"widget\" data-widget_type=\"heading.default\">\n\t\t\t\t<div class=\"elementor-widget-container\">\n\t\t\t\t\t<h1 class=\"elementor-heading-title elementor-size-default\">Unsere Partner<\/h1>\t\t\t\t<\/div>\n\t\t\t\t<\/div>\n\t\t\t\t<div class=\"elementor-element elementor-element-4a362d5 elementor-widget elementor-widget-text-editor\" data-id=\"4a362d5\" data-element_type=\"widget\" data-e-type=\"widget\" data-widget_type=\"text-editor.default\">\n\t\t\t\t<div class=\"elementor-widget-container\">\n\t\t\t\t\t\t\t\t\t<p>Um Ihnen g\u00fcnstige Reifen anbieten zu d\u00fcrfen, k\u00f6nnen Sie von einer Vielzahl von Online Reifen H\u00e4ndlern ausw\u00e4hlen. Diese senden uns dann die von Ihnen gew\u00e4hlten Reifen zu und wir k\u00f6nnen beim n\u00e4chsten Reifewechsel professionel montieren.<\/p>\t\t\t\t\t\t\t\t<\/div>\n\t\t\t\t<\/div>\n\t\t\t\t<\/div>\n\t\t<div class=\"elementor-element elementor-element-a417170 e-con-full e-flex e-con e-child\" data-id=\"a417170\" data-element_type=\"container\" data-e-type=\"container\">\n\t\t\t\t<\/div>\n\t\t<div class=\"elementor-element elementor-element-1cad984 e-con-full e-flex e-con e-child\" data-id=\"1cad984\" data-element_type=\"container\" data-e-type=\"container\">\n\t\t\t\t<div class=\"elementor-element elementor-element-41bff8d elementor-widget elementor-widget-tablepress-table\" data-id=\"41bff8d\" data-element_type=\"widget\" data-e-type=\"widget\" data-widget_type=\"tablepress-table.default\">\n\t\t\t\t\t\n<table id=\"tablepress-1\" class=\"tablepress tablepress-id-1\">\n<tbody class=\"row-striping row-hover\">\n<tr class=\"row-1\">\n\t<td class=\"column-1\">Central Pneus<\/td><td class=\"column-2\"><a href=\"https:\/\/www.centralepneus.ch\/\" target=\"_blank\">https:\/\/www.centralepneus.ch\/<\/a><\/td>\n<\/tr>\n<tr class=\"row-2\">\n\t<td class=\"column-1\">E-Pneu<\/td><td class=\"column-2\"><a href=\"https:\/\/www.e-pneu.ch\/de\" target=\"_blank\">http:\/\/www.e-pneu.ch<\/a><\/td>\n<\/tr>\n<tr class=\"row-3\">\n\t<td class=\"column-1\">Pneus Online<\/td><td class=\"column-2\"><a href=\"https:\/\/www.reifen-pneus-online.ch\/\" target=\"_blank\">https:\/\/www.reifen-pneus-online.ch\/<\/a><\/td>\n<\/tr>\n<tr class=\"row-4\">\n\t<td class=\"column-1\">Pneuwirbel<\/td><td class=\"column-2\"><a href=\"https:\/\/www.pneuwirbel.ch\/main\/index.php\" target=\"_blank\">https:\/\/www.pneuwirbel.ch\/main\/index.php<\/a><\/td>\n<\/tr>\n<tr class=\"row-5\">\n\t<td class=\"column-1\">Reifen.Com<\/td><td class=\"column-2\"><a href=\"https:\/\/www.reifen.com\/de-ch\" target=\"_blank\">https:\/\/www.reifen.com\/de-ch<\/a><\/td>\n<\/tr>\n<tr class=\"row-6\">\n\t<td class=\"column-1\">Reifendirekt<\/td><td class=\"column-2\"><a href=\"https:\/\/www.reifendirekt.ch\/\" target=\"_blank\">https:\/\/www.reifendirekt.ch\/<\/a><\/td>\n<\/tr>\n<tr class=\"row-7\">\n\t<td class=\"column-1\">Reifen Leader<\/td><td class=\"column-2\"><a href=\"https:\/\/www.reifenleader.ch\/\" target=\"_blank\">https:\/\/www.reifenleader.ch\/<\/a><\/td>\n<\/tr>\n<\/tbody>\n<\/table>\n<!-- #tablepress-1 from cache -->\t\t\t\t<\/div>\n\t\t\t\t<\/div>\n\t\t\t\t\t<\/div>\n\t\t\t\t<\/div>\n\t\t\t\t<\/div>\n\t\t","protected":false},"excerpt":{"rendered":"<p>Unsere Partner Um Ihnen g\u00fcnstige Reifen anbieten zu d\u00fcrfen, k\u00f6nnen Sie von einer Vielzahl von Online Reifen H\u00e4ndlern ausw\u00e4hlen. Diese [&hellip;]<\/p>\n","protected":false},"author":1,"featured_media":0,"parent":0,"menu_order":0,"comment_status":"closed","ping_status":"closed","template":"","meta":{"site-sidebar-layout":"no-sidebar","site-content-layout":"","ast-site-content-layout":"full-width-container","site-content-style":"default","site-sidebar-style":"default","ast-global-header-display":"","ast-banner-title-visibility":"","ast-main-header-display":"","ast-hfb-above-header-display":"","ast-hfb-below-header-display":"","ast-hfb-mobile-header-display":"","site-post-title":"disabled","ast-breadcrumbs-content":"","ast-featured-img":"disabled","footer-sml-layout":"","ast-disable-related-posts":"","theme-transparent-header-meta":"","adv-header-id-meta":"","stick-header-meta":"","header-above-stick-meta":"","header-main-stick-meta":"","header-below-stick-meta":"","astra-migrate-meta-layouts":"default","ast-page-background-enabled":"default","ast-page-background-meta":{"desktop":{"background-color":"var(--ast-global-color-5)","background-image":"","background-repeat":"repeat","background-position":"center center","background-size":"auto","background-attachment":"scroll","background-type":"","background-media":"","overlay-type":"","overlay-color":"","overlay-opacity":"","overlay-gradient":""},"tablet":{"background-color":"","background-image":"","background-repeat":"repeat","background-position":"center center","background-size":"auto","background-attachment":"scroll","background-type":"","background-media":"","overlay-type":"","overlay-color":"","overlay-opacity":"","overlay-gradient":""},"mobile":{"background-color":"","background-image":"","background-repeat":"repeat","background-position":"center center","background-size":"auto","background-attachment":"scroll","background-type":"","background-media":"","overlay-type":"","overlay-color":"","overlay-opacity":"","overlay-gradient":""}},"ast-content-background-meta":{"desktop":{"background-color":"var(--ast-global-color-4)","background-image":"","background-repeat":"repeat","background-position":"center center","background-size":"auto","background-attachment":"scroll","background-type":"","background-media":"","overlay-type":"","overlay-color":"","overlay-opacity":"","overlay-gradient":""},"tablet":{"background-color":"var(--ast-global-color-4)","background-image":"","background-repeat":"repeat","background-position":"center center","background-size":"auto","background-attachment":"scroll","background-type":"","background-media":"","overlay-type":"","overlay-color":"","overlay-opacity":"","overlay-gradient":""},"mobile":{"background-color":"var(--ast-global-color-4)","background-image":"","background-repeat":"repeat","background-position":"center center","background-size":"auto","background-attachment":"scroll","background-type":"","background-media":"","overlay-type":"","overlay-color":"","overlay-opacity":"","overlay-gradient":""}},"footnotes":""},"class_list":["post-48","page","type-page","status-publish","hentry"],"_links":{"self":[{"href":"https:\/\/smz-garage.ch\/index.php\/wp-json\/wp\/v2\/pages\/48","targetHints":{"allow":["GET"]}}],"collection":[{"href":"https:\/\/smz-garage.ch\/index.php\/wp-json\/wp\/v2\/pages"}],"about":[{"href":"https:\/\/smz-garage.ch\/index.php\/wp-json\/wp\/v2\/types\/page"}],"author":[{"embeddable":true,"href":"https:\/\/smz-garage.ch\/index.php\/wp-json\/wp\/v2\/users\/1"}],"replies":[{"embeddable":true,"href":"https:\/\/smz-garage.ch\/index.php\/wp-json\/wp\/v2\/comments?post=48"}],"version-history":[{"count":13,"href":"https:\/\/smz-garage.ch\/index.php\/wp-json\/wp\/v2\/pages\/48\/revisions"}],"predecessor-version":[{"id":108,"href":"https:\/\/smz-garage.ch\/index.php\/wp-json\/wp\/v2\/pages\/48\/revisions\/108"}],"wp:attachment":[{"href":"https:\/\/smz-garage.ch\/index.php\/wp-json\/wp\/v2\/media?parent=48"}],"curies":[{"name":"wp","href":"https:\/\/api.w.org\/{rel}","templated":true}]}}